{"id":25037,"date":"2024-05-21T11:53:49","date_gmt":"2024-05-21T09:53:49","guid":{"rendered":"https:\/\/hotel-dieschen.ch\/offres-speciales-ete\/"},"modified":"2024-12-09T15:45:43","modified_gmt":"2024-12-09T14:45:43","slug":"offres-speciales-ete","status":"publish","type":"page","link":"https:\/\/hotel-dieschen.ch\/fr\/specialites\/offres-speciales-ete\/","title":{"rendered":"Offres sp\u00e9ciales \u00e9t\u00e9"},"content":{"rendered":"","protected":false},"excerpt":{"rendered":"","protected":false},"author":2,"featured_media":0,"parent":25038,"menu_order":1,"comment_status":"closed","ping_status":"closed","template":"","meta":{"_seopress_robots_primary_cat":"","_seopress_titles_title":"","_seopress_titles_desc":"","_seopress_robots_index":"","footnotes":""},"class_list":["post-25037","page","type-page","status-publish","hentry"],"_links":{"self":[{"href":"https:\/\/hotel-dieschen.ch\/fr\/wp-json\/wp\/v2\/pages\/25037","targetHints":{"allow":["GET"]}}],"collection":[{"href":"https:\/\/hotel-dieschen.ch\/fr\/wp-json\/wp\/v2\/pages"}],"about":[{"href":"https:\/\/hotel-dieschen.ch\/fr\/wp-json\/wp\/v2\/types\/page"}],"author":[{"embeddable":true,"href":"https:\/\/hotel-dieschen.ch\/fr\/wp-json\/wp\/v2\/users\/2"}],"replies":[{"embeddable":true,"href":"https:\/\/hotel-dieschen.ch\/fr\/wp-json\/wp\/v2\/comments?post=25037"}],"version-history":[{"count":2,"href":"https:\/\/hotel-dieschen.ch\/fr\/wp-json\/wp\/v2\/pages\/25037\/revisions"}],"predecessor-version":[{"id":25296,"href":"https:\/\/hotel-dieschen.ch\/fr\/wp-json\/wp\/v2\/pages\/25037\/revisions\/25296"}],"up":[{"embeddable":true,"href":"https:\/\/hotel-dieschen.ch\/fr\/wp-json\/wp\/v2\/pages\/25038"}],"wp:attachment":[{"href":"https:\/\/hotel-dieschen.ch\/fr\/wp-json\/wp\/v2\/media?parent=25037"}],"curies":[{"name":"wp","href":"https:\/\/api.w.org\/{rel}","templated":true}]}}